{"id":3,"date":"2026-04-25T19:35:51","date_gmt":"2026-04-25T19:35:51","guid":{"rendered":"http:\/\/olegourmetmarket.com\/?page_id=3"},"modified":"2026-04-26T15:42:49","modified_gmt":"2026-04-26T19:42:49","slug":"privacy-policy","status":"publish","type":"page","link":"https:\/\/olegourmetmarket.com\/en\/privacy-policy\/","title":{"rendered":"privacy-policy"},"content":{"rendered":"<div class=\"wp-block-group has-background\" style=\"background-color:#000000\"><div class=\"wp-block-group__inner-container is-layout-constrained wp-block-group-is-layout-constrained\">\n<p class=\"has-text-align-center has-larger-font-size\"><strong>Privacy Policy<\/strong><\/p>\n\n\n\n<h2 class=\"wp-block-heading\"><strong>1. Who We Are<\/strong><\/h2>\n\n\n\n<p>Our website address is: <strong><a target=\"_blank\" rel=\"noreferrer noopener\" href=\"https:\/\/www.google.com\/search?q=https:\/\/olegourmetmarket.com\">https:\/\/olegourmetmarket.com<\/a><\/strong>We are a company dedicated to the distribution of high-quality Spanish products throughout Florida.<\/p>\n\n\n\n<h3 class=\"wp-block-heading\"><strong>2. What Personal Data We Collect and Why<\/strong><\/h3>\n\n\n\n<ul class=\"wp-block-list\">\n<li><strong>Comments:<\/strong> When visitors leave comments on the site, we collect the data shown in the comments form, as well as the visitor\u2019s IP address and browser user agent string to help spam detection.<\/li>\n\n\n\n<li><strong>Contact and Purchase Forms:<\/strong> When placing an order, we collect the information necessary for shipping (name, address, phone number, and email). Your financial data is securely processed by our payment gateways and is never stored on our servers.<\/li>\n\n\n\n<li><strong>Media:<\/strong> If you upload images to the website, you should avoid uploading images with embedded location data (EXIF GPS) included. Other visitors can download and extract any location data from images on the website.<\/li>\n<\/ul>\n\n\n\n<h3 class=\"wp-block-heading\"><strong>3. Cookies<\/strong><\/h3>\n\n\n\n<ul class=\"wp-block-list\">\n<li>If you leave a comment or log in to our site, we will use cookies to remember your information and screen preferences. Login cookies last for two days, and screen options cookies last for a year.<\/li>\n\n\n\n<li>If you select \"Remember Me\", your login will persist for two weeks.<\/li>\n<\/ul>\n\n\n\n<h3 class=\"wp-block-heading\"><strong>4. Who We Share Your Data With<\/strong><\/h3>\n\n\n\n<p>We do not sell or rent your personal information to third parties. We only share data with:<\/p>\n\n\n\n<ul class=\"wp-block-list\">\n<li><strong>Payment Services:<\/strong> To securely process your transactions.<\/li>\n\n\n\n<li><strong>Logistics Companies:<\/strong> To manage the delivery of your gourmet products.<\/li>\n\n\n\n<li><strong>Spam Detection:<\/strong> Comments may be checked through an automated spam detection service.<\/li>\n<\/ul>\n\n\n\n<h3 class=\"wp-block-heading\"><strong>5. How Long We Retain Your Data<\/strong><\/h3>\n\n\n\n<ul class=\"wp-block-list\">\n<li>Comments and their metadata are retained indefinitely to facilitate future approvals.<\/li>\n\n\n\n<li>For registered users, we store the personal information they provide in their user profile as long as the account is active. Users can see, edit, or delete their personal information at any time.<\/li>\n<\/ul>\n\n\n\n<h3 class=\"wp-block-heading\"><strong>6. What Rights You Have Over Your Data<\/strong><\/h3>\n\n\n\n<p>You have the right to request an exported file of the personal data we hold about you, or request that we erase any personal data. This does not include any data we are obliged to keep for administrative, legal, or security purposes.<\/p>\n\n\n\n<h3 class=\"wp-block-heading\"><strong>7. Protecting Your Information<\/strong><\/h3>\n\n\n\n<p>at <strong>Ole Gourmet Market<\/strong>, we take security very seriously. We use encryption protocols and SSL certificates to ensure that your browsing and shopping experience is always secure.<\/p>\n\n\n\n<hr class=\"wp-block-separator has-alpha-channel-opacity\"\/>\n\n\n\n<h3 class=\"wp-block-heading\"><strong>Need More Information?<\/strong><\/h3>\n\n\n\n<p class=\"has-theme-palette-3-color has-text-color has-link-color wp-elements-19199b22a59a81d4d43afa8bfef170dd\">If you have questions about how we manage your privacy, you can write to us at: <a href=\"mailto:olegourmetmarket@gmail.com\" data-type=\"mailto\" data-id=\"mailto:olegourmetmarket@gmail.com\">mailto:olegourmetmarket@gmail.com<\/a><\/p>\n\n\n\n<p><\/p>\n<\/div><\/div>","protected":false},"excerpt":{"rendered":"<p>Pol\u00edtica de Privacidad 1. Qui\u00e9nes somos La direcci\u00f3n de nuestra web es: https:\/\/olegourmetmarket.com. Somos una empresa dedicada a la distribuci\u00f3n de productos espa\u00f1oles de alta calidad en Florida. 2. Qu\u00e9 datos personales recogemos y por qu\u00e9 3. Cookies 4. Con qui\u00e9n compartimos sus datos No vendemos ni alquilamos su informaci\u00f3n personal a terceros. Solo compartimos&#8230;<\/p>","protected":false},"author":1,"featured_media":0,"parent":0,"menu_order":0,"comment_status":"closed","ping_status":"closed","template":"","meta":{"_kadence_starter_templates_imported_post":false,"_kad_post_transparent":"","_kad_post_title":"","_kad_post_layout":"","_kad_post_sidebar_id":"","_kad_post_content_style":"","_kad_post_vertical_padding":"","_kad_post_feature":"","_kad_post_feature_position":"","_kad_post_header":false,"_kad_post_footer":false,"_kad_post_classname":"","footnotes":""},"class_list":["post-3","page","type-page","status-publish","hentry"],"_hostinger_reach_plugin_has_subscription_block":false,"_hostinger_reach_plugin_is_elementor":false,"_links":{"self":[{"href":"https:\/\/olegourmetmarket.com\/en\/wp-json\/wp\/v2\/pages\/3","targetHints":{"allow":["GET"]}}],"collection":[{"href":"https:\/\/olegourmetmarket.com\/en\/wp-json\/wp\/v2\/pages"}],"about":[{"href":"https:\/\/olegourmetmarket.com\/en\/wp-json\/wp\/v2\/types\/page"}],"author":[{"embeddable":true,"href":"https:\/\/olegourmetmarket.com\/en\/wp-json\/wp\/v2\/users\/1"}],"replies":[{"embeddable":true,"href":"https:\/\/olegourmetmarket.com\/en\/wp-json\/wp\/v2\/comments?post=3"}],"version-history":[{"count":3,"href":"https:\/\/olegourmetmarket.com\/en\/wp-json\/wp\/v2\/pages\/3\/revisions"}],"predecessor-version":[{"id":828,"href":"https:\/\/olegourmetmarket.com\/en\/wp-json\/wp\/v2\/pages\/3\/revisions\/828"}],"wp:attachment":[{"href":"https:\/\/olegourmetmarket.com\/en\/wp-json\/wp\/v2\/media?parent=3"}],"curies":[{"name":"wp","href":"https:\/\/api.w.org\/{rel}","templated":true}]}}